{"id":3095,"date":"2021-03-13T20:02:31","date_gmt":"2021-03-13T19:02:31","guid":{"rendered":"http:\/\/hello-exhibition.local\/?page_id=3095"},"modified":"2021-12-05T16:17:13","modified_gmt":"2021-12-05T14:17:13","slug":"kontakt","status":"publish","type":"page","link":"https:\/\/www.expoma.se\/site\/kontakt\/","title":{"rendered":"Kontakt"},"content":{"rendered":"<div  class=\"tatsu-fqp8z3b0zr7xzlbm tatsu-section  tatsu-bg-overlay   tatsu-clearfix\" data-title=\"\"  data-headerscheme=\"background--dark\"><div class='tatsu-section-pad clearfix' data-padding='{\"d\":\"150px 0% 150px 0% \"}' data-padding-top='150px'><div class=\"tatsu-row-wrap  tatsu-wrap tatsu-row-has-one-half tatsu-row-has-two-cols tatsu-medium-gutter tatsu-reg-cols  tatsu-clearfix tatsu-fqp8z3b10nafg5j\" ><div  class=\"tatsu-row \" ><div  class=\"tatsu-column  tatsu-column-no-bg tatsu-one-half tatsu-column-image-none tatsu-column-effect-none  tatsu-fqp8z3b1118llzu8\"  data-parallax-speed=\"0\" style=\"\"><div class=\"tatsu-column-inner \" ><div class=\"tatsu-column-pad-wrap\"><div class=\"tatsu-column-pad\" ><div  class=\"tatsu-module tatsu-inline-text clearfix tatsu-fqp8z3b11qeb92l0   \" ><style>.tatsu-fqp8z3b11qeb92l0 .tatsu-inline-text-inner{width: 100%;text-align: left;}<\/style><div class=\"tatsu-inline-text-inner tatsu-align-center\">\n<h1><span style=\"color: #ffffff;\">Kontakta oss<\/span><\/h1>\n<\/div><\/div><\/div><\/div><div class = \"tatsu-column-bg-image-wrap\"><div class = \"tatsu-column-bg-image\" ><\/div><\/div><\/div><style>.tatsu-row > .tatsu-fqp8z3b1118llzu8.tatsu-column{width: 50%;}.tatsu-fqp8z3b1118llzu8.tatsu-column > .tatsu-column-inner > .tatsu-column-overlay{mix-blend-mode: none;}.tatsu-fqp8z3b1118llzu8 > .tatsu-column-inner > .tatsu-top-divider{z-index: 9999;}.tatsu-fqp8z3b1118llzu8 > .tatsu-column-inner > .tatsu-bottom-divider{z-index: 9999;}.tatsu-fqp8z3b1118llzu8 > .tatsu-column-inner > .tatsu-left-divider{z-index: 9999;}.tatsu-fqp8z3b1118llzu8 > .tatsu-column-inner > .tatsu-right-divider{z-index: 9999;}@media only screen and (max-width: 767px) {.tatsu-row > .tatsu-fqp8z3b1118llzu8.tatsu-column{width: 100%;}}<\/style><\/div><div  class=\"tatsu-column  tatsu-column-no-bg tatsu-column-empty tatsu-one-half tatsu-column-image-none tatsu-column-effect-none  tatsu-fqp8z3b16467ay4f\"  data-parallax-speed=\"0\" style=\"\"><div class=\"tatsu-column-inner \" ><div class=\"tatsu-column-pad-wrap\"><div class=\"tatsu-column-pad\" ><\/div><\/div><div class = \"tatsu-column-bg-image-wrap\"><div class = \"tatsu-column-bg-image\" ><\/div><\/div><\/div><style>.tatsu-row > .tatsu-fqp8z3b16467ay4f.tatsu-column{width: 50%;}.tatsu-fqp8z3b16467ay4f.tatsu-column > .tatsu-column-inner > .tatsu-column-overlay{mix-blend-mode: none;}.tatsu-fqp8z3b16467ay4f > .tatsu-column-inner > .tatsu-top-divider{z-index: 9999;}.tatsu-fqp8z3b16467ay4f > .tatsu-column-inner > .tatsu-bottom-divider{z-index: 9999;}.tatsu-fqp8z3b16467ay4f > .tatsu-column-inner > .tatsu-left-divider{z-index: 9999;}.tatsu-fqp8z3b16467ay4f > .tatsu-column-inner > .tatsu-right-divider{z-index: 9999;}@media only screen and (max-width: 767px) {.tatsu-row > .tatsu-fqp8z3b16467ay4f.tatsu-column{width: 100%;}}<\/style><\/div><\/div><\/div><\/div><div class=\"tatsu-section-background-wrap\"><div class = \"tatsu-section-background\" ><\/div><\/div><div class=\"tatsu-overlay tatsu-section-overlay\"><\/div><style>.tatsu-fqp8z3b0zr7xzlbm.tatsu-section{background-color: rgba(29,29,29,1);}.tatsu-fqp8z3b0zr7xzlbm .tatsu-section-background{background-image: url(http:\/\/brandexponents.com\/oshine-lite\/v30\/wp-content\/uploads\/sites\/37\/2017\/12\/arch-contact.jpg);background-repeat: no-repeat;background-attachment: scroll;background-position: center center;background-size: cover;}.tatsu-fqp8z3b0zr7xzlbm .tatsu-bg-blur{background-repeat: no-repeat;background-attachment: scroll;background-position: center center;background-size: cover;}.tatsu-fqp8z3b0zr7xzlbm{border-width: 0px 0px px 0px;border-style: solid;}.tatsu-fqp8z3b0zr7xzlbm .tatsu-section-pad{padding: 150px 0% 150px 0% ;}.tatsu-fqp8z3b0zr7xzlbm > .tatsu-bottom-divider{z-index: 9999;}.tatsu-fqp8z3b0zr7xzlbm > .tatsu-top-divider{z-index: 9999;}.tatsu-fqp8z3b0zr7xzlbm .tatsu-section-overlay{background: rgba(0,0,0,0.25);mix-blend-mode: normal;}<\/style><\/div><div  class=\"tatsu-fqp8z3b17heiu40 tatsu-section    tatsu-clearfix\" data-title=\"\"  data-headerscheme=\"background--dark\"><div class='tatsu-section-pad clearfix' data-padding='{\"d\":\"0px 0px 0px 0px\",\"l\":\"0px 0px 0px 0px\",\"t\":\"30px 0px 30px 0px\",\"m\":\"0px 0px 0px 0px\"}' data-padding-top='0px'><div class=\"tatsu-row-wrap  tatsu-row-full-width tatsu-row-has-one-half tatsu-row-has-two-cols tatsu-medium-gutter tatsu-reg-cols  tatsu-clearfix tatsu-fqp8z3b1801enmwl\" ><div  class=\"tatsu-row \" ><div  class=\"tatsu-column  tatsu-column-no-bg tatsu-one-half tatsu-column-image-none tatsu-column-effect-none  tatsu-fqp8z3b18a964808\"  data-parallax-speed=\"0\" style=\"\"><div class=\"tatsu-column-inner \" ><div class=\"tatsu-column-pad-wrap\"><div class=\"tatsu-column-pad\" ><div  class=\"tatsu-module tatsu-inline-text clearfix tatsu-fqp8z3b18u2bkfkf   \" ><style>.tatsu-fqp8z3b18u2bkfkf .tatsu-inline-text-inner{width: 80%;text-align: left;padding: 50px 0px 0px 0px;}@media only screen and (max-width:1377px) {.tatsu-fqp8z3b18u2bkfkf .tatsu-inline-text-inner{padding: 40px 0px 0px 0px;}}@media only screen and (min-width:768px) and (max-width: 1024px) {.tatsu-fqp8z3b18u2bkfkf .tatsu-inline-text-inner{padding: 0px 0px 0px 0px;}}<\/style><div class=\"tatsu-inline-text-inner tatsu-align-center\">\n<h4>Hur kan vi hj\u00e4lpa dig?<\/h4>\n<p>Har du en m\u00e4ssa att planera och vill bolla id\u00e9er, vi finns h\u00e4r f\u00f6r dig!\u00a0<\/p>\n<\/div><\/div><ul  class=\"tatsu-module tatsu-list tatsu-fqp8z3b1be8k2vt1    tatsu-list-vertical-align-center tatsu-lists-icon\" ><style>.tatsu-fqp8z3b1be8k2vt1 .tatsu-list-content{margin: 0 0 12px 0px;}.tatsu-fqp8z3b1be8k2vt1 .tatsu-list-content::before, .tatsu-fqp8z3b1be8k2vt1 .tatsu-icon{color: rgba(34,147,215,1) ;}.tatsu-fqp8z3b1be8k2vt1{padding: 0px 0px 0px 5px;}<\/style><li  class=\"tatsu-list-content tatsu-fqp8z3b1bxe631a6   \" ><div class=\"tatsu-list-icon-wrap\" ><i class=\"tatsu-icon icon-icon_phone \"><\/i><\/div><div class=\"tatsu-list-inner\">\n<p><a href=\"tel:+4633104820\"><span style=\"color: #000000;\">+46 (0) 33-10 48 20<\/span><\/a><\/p>\n<\/div><style>.tatsu-fqp8z3b1bxe631a6 .tatsu-icon, .tatsu-fqp8z3b1bxe631a6.tatsu-list-content::before{color: #000000 ;}.tatsu-fqp8z3b1bxe631a6{padding: 0px 0px 0px 55px;border-style: solid;}@media only screen and (min-width:768px) and (max-width: 1024px) {.tatsu-fqp8z3b1bxe631a6{padding: 0px 0px 0px 25px;}}@media only screen and (max-width: 767px) {.tatsu-fqp8z3b1bxe631a6{padding: 0px 0px 0px 25px;}}<\/style><\/li><li  class=\"tatsu-list-content tatsu-fqp8z3b1eibxcr6a   \" ><div class=\"tatsu-list-icon-wrap\" ><i class=\"tatsu-icon icon-email \"><\/i><\/div><div class=\"tatsu-list-inner\">\n<p><a href=\"mailto:info@expoma.se\" target=\"_blank\" rel=\"noopener noreferrer\"><span style=\"color: #000000;\">info@expoma.se<\/span><\/a><\/p>\n<\/div><style>.tatsu-fqp8z3b1eibxcr6a .tatsu-icon, .tatsu-fqp8z3b1eibxcr6a.tatsu-list-content::before{color: #000000 ;}.tatsu-fqp8z3b1eibxcr6a{padding: 0px 0px 0px 55px;border-style: solid;}@media only screen and (min-width:768px) and (max-width: 1024px) {.tatsu-fqp8z3b1eibxcr6a{padding: 0px 0px 0px 25px;}}@media only screen and (max-width: 767px) {.tatsu-fqp8z3b1eibxcr6a{padding: 0px 0px 0px 25px;}}<\/style><\/li><li  class=\"tatsu-list-content tatsu-fqp8z3b1gygsv6n   \" ><div class=\"tatsu-list-icon-wrap\" ><i class=\"tatsu-icon icon-icon_pin \"><\/i><\/div><div class=\"tatsu-list-inner\">\n<p>F\u00f6retagsgatan 23, 504 64 Bor\u00e5s\u00a0<\/p>\n<\/div><style>.tatsu-fqp8z3b1gygsv6n .tatsu-icon, .tatsu-fqp8z3b1gygsv6n.tatsu-list-content::before{color: #000000 ;}.tatsu-fqp8z3b1gygsv6n{padding: 0px 0px 0px 55px;border-style: solid;}@media only screen and (min-width:768px) and (max-width: 1024px) {.tatsu-fqp8z3b1gygsv6n{padding: 0px 0px 0px 25px;}}@media only screen and (max-width: 767px) {.tatsu-fqp8z3b1gygsv6n{padding: 0px 0px 0px 25px;}}<\/style><\/li><\/ul><\/div><\/div><div class = \"tatsu-column-bg-image-wrap\"><div class = \"tatsu-column-bg-image\" ><\/div><\/div><\/div><style>.tatsu-row > .tatsu-fqp8z3b18a964808.tatsu-column{width: 50%;}.tatsu-fqp8z3b18a964808.tatsu-column > .tatsu-column-inner > .tatsu-column-overlay{mix-blend-mode: none;}.tatsu-fqp8z3b18a964808 > .tatsu-column-inner > .tatsu-top-divider{z-index: 9999;}.tatsu-fqp8z3b18a964808 > .tatsu-column-inner > .tatsu-bottom-divider{z-index: 9999;}.tatsu-fqp8z3b18a964808 > .tatsu-column-inner > .tatsu-left-divider{z-index: 9999;}.tatsu-fqp8z3b18a964808 > .tatsu-column-inner > .tatsu-right-divider{z-index: 9999;}@media only screen and (max-width: 767px) {.tatsu-row > .tatsu-fqp8z3b18a964808.tatsu-column{width: 100%;}}<\/style><\/div><div  class=\"tatsu-column  tatsu-column-no-bg tatsu-one-half tatsu-column-image-none tatsu-column-effect-none  tatsu-fqp8z3b1jg2c2zb9\"  data-parallax-speed=\"0\" style=\"\"><div class=\"tatsu-column-inner \" ><div class=\"tatsu-column-pad-wrap\"><div class=\"tatsu-column-pad\" ><div  class=\"tatsu-single-image tatsu-module tatsu-image-lazyload tatsu-external-image tatsu-HyQ3JSqYt  \" ><div class=\"tatsu-single-image-inner \" style=\"\" ><div class = \"tatsu-single-image-padding-wrap\" style = \"\" ><\/div><img class = \"tatsu-gradient-border\" data-src = \"http:\/\/www.expoma.se\/site\/wp-content\/uploads\/2021\/03\/about-us-cover-img.jpg\" alt =\" \"  src =\"data:image\/png;base64,iVBORw0KGgoAAAANSUhEUgAAAAEAAAABCAQAAAC1HAwCAAAAC0lEQVR42mNkYAAAAAYAAjCB0C8AAAAASUVORK5CYII=\"  \/><\/div><style>.tatsu-HyQ3JSqYt .tatsu-single-image-inner{border-style: solid;max-width: 100%;}.tatsu-HyQ3JSqYt.tatsu-single-image{transform: translate3d(0px,0px, 0);}<\/style><\/div><\/div><\/div><div class = \"tatsu-column-bg-image-wrap\"><div class = \"tatsu-column-bg-image\" ><\/div><\/div><\/div><style>.tatsu-row > .tatsu-fqp8z3b1jg2c2zb9.tatsu-column{width: 50%;}.tatsu-fqp8z3b1jg2c2zb9.tatsu-column > .tatsu-column-inner > .tatsu-column-overlay{mix-blend-mode: none;}.tatsu-fqp8z3b1jg2c2zb9 > .tatsu-column-inner > .tatsu-top-divider{z-index: 9999;}.tatsu-fqp8z3b1jg2c2zb9 > .tatsu-column-inner > .tatsu-bottom-divider{z-index: 9999;}.tatsu-fqp8z3b1jg2c2zb9 > .tatsu-column-inner > .tatsu-left-divider{z-index: 9999;}.tatsu-fqp8z3b1jg2c2zb9 > .tatsu-column-inner > .tatsu-right-divider{z-index: 9999;}@media only screen and (max-width: 767px) {.tatsu-row > .tatsu-fqp8z3b1jg2c2zb9.tatsu-column{width: 100%;}}<\/style><\/div><\/div><\/div><\/div><div class=\"tatsu-section-background-wrap\"><div class = \"tatsu-section-background\" ><\/div><\/div><style>.tatsu-fqp8z3b17heiu40 > .tatsu-bottom-divider{z-index: 9999;}.tatsu-fqp8z3b17heiu40 > .tatsu-top-divider{z-index: 9999;}@media only screen and (max-width:1377px) {.tatsu-fqp8z3b17heiu40 .tatsu-section-pad{padding: 0px 0px 0px 0px;}}@media only screen and (min-width:768px) and (max-width: 1024px) {.tatsu-fqp8z3b17heiu40 .tatsu-section-pad{padding: 30px 0px 30px 0px;}}@media only screen and (max-width: 767px) {.tatsu-fqp8z3b17heiu40 .tatsu-section-pad{padding: 0px 0px 0px 0px;}}<\/style><\/div>\n","protected":false},"excerpt":{"rendered":"<p><a href=\"https:\/\/www.expoma.se\/site\/kontakt\/\" class=\"more-link style1-button\">Read More<\/a><\/p>","protected":false},"author":1,"featured_media":0,"parent":0,"menu_order":0,"comment_status":"closed","ping_status":"closed","template":"","meta":[],"_links":{"self":[{"href":"https:\/\/www.expoma.se\/site\/wp-json\/wp\/v2\/pages\/3095"}],"collection":[{"href":"https:\/\/www.expoma.se\/site\/wp-json\/wp\/v2\/pages"}],"about":[{"href":"https:\/\/www.expoma.se\/site\/wp-json\/wp\/v2\/types\/page"}],"author":[{"embeddable":true,"href":"https:\/\/www.expoma.se\/site\/wp-json\/wp\/v2\/users\/1"}],"replies":[{"embeddable":true,"href":"https:\/\/www.expoma.se\/site\/wp-json\/wp\/v2\/comments?post=3095"}],"version-history":[{"count":18,"href":"https:\/\/www.expoma.se\/site\/wp-json\/wp\/v2\/pages\/3095\/revisions"}],"predecessor-version":[{"id":3180,"href":"https:\/\/www.expoma.se\/site\/wp-json\/wp\/v2\/pages\/3095\/revisions\/3180"}],"wp:attachment":[{"href":"https:\/\/www.expoma.se\/site\/wp-json\/wp\/v2\/media?parent=3095"}],"curies":[{"name":"wp","href":"https:\/\/api.w.org\/{rel}","templated":true}]}}